{"id":221,"date":"2019-12-03T15:10:23","date_gmt":"2019-12-03T14:10:23","guid":{"rendered":"https:\/\/xn--gsh-snac.be\/?post_type=product&#038;p=221"},"modified":"2020-03-28T12:30:37","modified_gmt":"2020-03-28T11:30:37","slug":"sugilite","status":"publish","type":"product","link":"https:\/\/xn--gsh-snac.be\/index.php\/sugilite\/","title":{"rendered":"#61 Sugilite"},"content":{"rendered":"<p>[et_pb_section fb_built=\u00a0\u00bb1&Prime; _builder_version=\u00a0\u00bb4.0.2&Prime;][et_pb_row column_structure=\u00a0\u00bb1_3,2_3&Prime; _builder_version=\u00a0\u00bb3.25&Prime; background_size=\u00a0\u00bbinitial\u00a0\u00bb background_position=\u00a0\u00bbtop_left\u00a0\u00bb background_repeat=\u00a0\u00bbrepeat\u00a0\u00bb width=\u00a0\u00bb100%\u00a0\u00bb custom_padding=\u00a0\u00bb0px||||false|false\u00a0\u00bb][et_pb_column type=\u00a0\u00bb1_3&Prime; _builder_version=\u00a0\u00bb3.25&Prime; custom_padding=\u00a0\u00bb|||\u00a0\u00bb custom_padding__hover=\u00a0\u00bb|||\u00a0\u00bb][et_pb_wc_images _builder_version=\u00a0\u00bb4.0.2&Prime; border_radii=\u00a0\u00bbon|7px|7px|7px|7px\u00a0\u00bb][\/et_pb_wc_images][\/et_pb_column][et_pb_column type=\u00a0\u00bb2_3&Prime; _builder_version=\u00a0\u00bb3.25&Prime; custom_padding=\u00a0\u00bb|||\u00a0\u00bb custom_padding__hover=\u00a0\u00bb|||\u00a0\u00bb][et_pb_wc_title _builder_version=\u00a0\u00bb4.0.2&Prime; header_font=\u00a0\u00bbAnaheim|||on|||||\u00a0\u00bb header_font_size=\u00a0\u00bb28px\u00a0\u00bb][\/et_pb_wc_title][et_pb_wc_rating _builder_version=\u00a0\u00bb3.0.47&Prime;][\/et_pb_wc_rating][et_pb_wc_price _builder_version=\u00a0\u00bb4.0.2&Prime; body_font=\u00a0\u00bbAnaheim||||||||\u00a0\u00bb body_text_color=\u00a0\u00bb#000000&Prime;][\/et_pb_wc_price][et_pb_wc_description _builder_version=\u00a0\u00bb4.0.2&Prime; body_font=\u00a0\u00bbAnaheim||||||||\u00a0\u00bb][\/et_pb_wc_description][et_pb_wc_add_to_cart show_stock=\u00a0\u00bboff\u00a0\u00bb _builder_version=\u00a0\u00bb4.0.2&Prime; fields_background_color=\u00a0\u00bb#000000&Prime; fields_custom_margin=\u00a0\u00bb||||false|false\u00a0\u00bb fields_custom_padding=\u00a0\u00bb||||false|false\u00a0\u00bb fields_font=\u00a0\u00bbAnaheim|700|||||||\u00a0\u00bb fields_font_size=\u00a0\u00bb18px\u00a0\u00bb custom_button=\u00a0\u00bbon\u00a0\u00bb button_text_size=\u00a0\u00bb18px\u00a0\u00bb button_text_color=\u00a0\u00bb#000000&Prime; button_border_width=\u00a0\u00bb1px\u00a0\u00bb button_border_radius=\u00a0\u00bb3px\u00a0\u00bb button_font=\u00a0\u00bbAnaheim||||||||\u00a0\u00bb button_use_icon=\u00a0\u00bboff\u00a0\u00bb][\/et_pb_wc_add_to_cart][et_pb_wc_cart_notice _builder_version=\u00a0\u00bb4.0.2&Prime; body_font=\u00a0\u00bbAnaheim||||||||\u00a0\u00bb body_text_color=\u00a0\u00bb#000000&Prime; background_color=\u00a0\u00bbrgba(124,124,124,0.24)\u00a0\u00bb custom_button=\u00a0\u00bbon\u00a0\u00bb button_text_size=\u00a0\u00bb18px\u00a0\u00bb button_text_color=\u00a0\u00bb#FFFFFF\u00a0\u00bb button_bg_color=\u00a0\u00bb#000000&Prime; button_border_radius=\u00a0\u00bb4px\u00a0\u00bb button_letter_spacing=\u00a0\u00bb0px\u00a0\u00bb button_font=\u00a0\u00bbAnaheim||||||||\u00a0\u00bb border_radii=\u00a0\u00bbon|6px|6px|6px|6px\u00a0\u00bb][\/et_pb_wc_cart_notice][et_pb_wc_meta meta_layout=\u00a0\u00bbstacked\u00a0\u00bb _builder_version=\u00a0\u00bb4.0.2&Prime; body_font=\u00a0\u00bbAnaheim||||||||\u00a0\u00bb][\/et_pb_wc_meta][\/et_pb_column][\/et_pb_row][et_pb_row _builder_version=\u00a0\u00bb3.25&Prime; background_size=\u00a0\u00bbinitial\u00a0\u00bb background_position=\u00a0\u00bbtop_left\u00a0\u00bb background_repeat=\u00a0\u00bbrepeat\u00a0\u00bb width=\u00a0\u00bb100%\u00a0\u00bb custom_padding=\u00a0\u00bb0px||0px||false|false\u00a0\u00bb][et_pb_column type=\u00a0\u00bb4_4&Prime; _builder_version=\u00a0\u00bb3.25&Prime; custom_padding=\u00a0\u00bb|||\u00a0\u00bb custom_padding__hover=\u00a0\u00bb|||\u00a0\u00bb][et_pb_wc_breadcrumb _builder_version=\u00a0\u00bb3.0.47&Prime;][\/et_pb_wc_breadcrumb][\/et_pb_column][\/et_pb_row][\/et_pb_section]<\/p>\n","protected":false},"excerpt":{"rendered":"<p>Aide les personnes qui se sentent \u00e9trang\u00e8res \u00e0 la terre . Pour surmonter les conflits sans compromis, la tristesse et la peur<\/p>\n<p>REF: #61<\/p>\n","protected":false},"featured_media":526,"comment_status":"open","ping_status":"closed","template":"","meta":{"_et_pb_use_builder":"on","_et_pb_old_content":"","_et_gb_content_width":""},"_links":{"self":[{"href":"https:\/\/xn--gsh-snac.be\/index.php\/wp-json\/wp\/v2\/product\/221"}],"collection":[{"href":"https:\/\/xn--gsh-snac.be\/index.php\/wp-json\/wp\/v2\/product"}],"about":[{"href":"https:\/\/xn--gsh-snac.be\/index.php\/wp-json\/wp\/v2\/types\/product"}],"replies":[{"embeddable":true,"href":"https:\/\/xn--gsh-snac.be\/index.php\/wp-json\/wp\/v2\/comments?post=221"}],"wp:featuredmedia":[{"embeddable":true,"href":"https:\/\/xn--gsh-snac.be\/index.php\/wp-json\/wp\/v2\/media\/526"}],"wp:attachment":[{"href":"https:\/\/xn--gsh-snac.be\/index.php\/wp-json\/wp\/v2\/media?parent=221"}],"curies":[{"name":"wp","href":"https:\/\/api.w.org\/{rel}","templated":true}]}}