{"id":47,"date":"2019-11-14T11:19:10","date_gmt":"2019-11-14T10:19:10","guid":{"rendered":"https:\/\/xn--gsh-snac.be\/?page_id=47"},"modified":"2020-05-25T16:40:17","modified_gmt":"2020-05-25T14:40:17","slug":"points-de-vente","status":"publish","type":"page","link":"https:\/\/xn--gsh-snac.be\/index.php\/points-de-vente\/","title":{"rendered":"Points de vente"},"content":{"rendered":"<p>[et_pb_section fb_built=\u00a0\u00bb1&Prime; fullwidth=\u00a0\u00bbon\u00a0\u00bb _builder_version=\u00a0\u00bb4.0.6&Prime;][et_pb_fullwidth_header text_orientation=\u00a0\u00bbcenter\u00a0\u00bb _builder_version=\u00a0\u00bb4.0.6&Prime; title_font=\u00a0\u00bbVerdana||||||||\u00a0\u00bb title_font_size=\u00a0\u00bb35px\u00a0\u00bb content_font=\u00a0\u00bbVerdana||||||||\u00a0\u00bb background_color=\u00a0\u00bb#000000&Prime; background_color_gradient_direction=\u00a0\u00bb249deg\u00a0\u00bb background_image=\u00a0\u00bbhttps:\/\/xn--gsh-snac.be\/wp-content\/uploads\/2020\/03\/litho.webp\u00a0\u00bb min_height=\u00a0\u00bb326px\u00a0\u00bb custom_padding=\u00a0\u00bb86px||0px|||\u00a0\u00bb text_shadow_style=\u00a0\u00bbpreset1&Prime;]<\/p>\n<h1 style=\"text-align: center;\"><span style=\"color: #000000;\"><strong>POINTS DE VENTE<\/strong><\/span><\/h1>\n<p><strong><\/strong><\/p>\n<p>[\/et_pb_fullwidth_header][\/et_pb_section][et_pb_section fb_built=\u00a0\u00bb1&Prime; _builder_version=\u00a0\u00bb4.0.6&Prime; custom_padding=\u00a0\u00bb1px|||||\u00a0\u00bb][et_pb_row _builder_version=\u00a0\u00bb4.0.6&Prime; custom_margin=\u00a0\u00bb-3px|auto||auto||\u00a0\u00bb][et_pb_column type=\u00a0\u00bb4_4&Prime; _builder_version=\u00a0\u00bb4.0.6&Prime;][et_pb_cta button_url=\u00a0\u00bbhttps:\/\/g\u00f6sh\u00f6.be\/index.php\/contact\/\u00a0\u00bb button_text=\u00a0\u00bbContactez-nous !\u00a0\u00bb _builder_version=\u00a0\u00bb4.0.6&Prime; body_font=\u00a0\u00bbLato||||||||\u00a0\u00bb body_text_color=\u00a0\u00bb#000000&Prime; body_font_size=\u00a0\u00bb16px\u00a0\u00bb background_enable_color=\u00a0\u00bboff\u00a0\u00bb]<\/p>\n<p>Int\u00e9ress\u00e9 par nos produits ? Contactez-nous pour connaitre l&rsquo;adresse des diff\u00e9rents points de vente.<\/p>\n<p>[\/et_pb_cta][et_pb_divider color=\u00a0\u00bb#8e8e8e\u00a0\u00bb _builder_version=\u00a0\u00bb4.0.6&Prime; width=\u00a0\u00bb11%\u00a0\u00bb module_alignment=\u00a0\u00bbcenter\u00a0\u00bb][\/et_pb_divider][\/et_pb_column][\/et_pb_row][et_pb_row _builder_version=\u00a0\u00bb4.0.6&Prime;][et_pb_column type=\u00a0\u00bb4_4&Prime; _builder_version=\u00a0\u00bb4.0.6&Prime;][et_pb_code _builder_version=\u00a0\u00bb4.0.6&Prime;]<div id=\"locatoraid-form-container\"><div class=\"hc-mb3\"><form class=\"hcj2-observe hc-mb2 hclc_search_form_class\" id=\"hclc_search_form_676\" action=\"https:\/\/xn--gsh-snac.be\/index.php?hcs=locatoraid&hcrand=8507&hca=search%3Asearch%2F_SEARCH_%2Fproduct%2F_PRODUCT_%2Flat%2F_LAT_%2Flng%2F_LNG_%2Flimit%2F100\" data-radius-link=\"https:\/\/xn--gsh-snac.be\/index.php?hcs=locatoraid&hcrand=8507&hca=search%2Fradius%3Asearch%2F_SEARCH_%2Fproduct%2F_PRODUCT_%2Flat%2F_LAT_%2Flng%2F_LNG_%2Flimit%2F100%2Fradius%2F10_25_50_100_200_500\" data-start=\"\" data-locate=\"1\" method=\"post\" accept-charset=\"utf-8\"><div style=\"display:none\"><input type=\"hidden\" name=\"hc-hc_csrf_token\" value=\"6adf28ca24f992bf81d2e038cf834afe\"\/><\/div><div><div class=\"hc-block\"><div id=\"locatoraid-search-form-inputs-button\"><div class=\"hc-clearfix hc-mxn2\"><div class=\"hc-col hc-col-8 hc-mb2 hc-px2\"><div id=\"locatoraid-search-form-inputs\"><div><div class=\"hc-block\"><div id=\"locatoraid-search-form-search\"><input type=\"text\" name=\"hc-search\" class=\"hc-field hc-xs-block hc-block\" style=\"margin:0;\" placeholder=\"VILLE\"\/><\/div><\/div><div class=\"hc-block hc-mt2\"><div id=\"locatoraid-search-form-locate\"><a href=\"#\" class=\"hcj2-locate-me\" id=\"locatoraid-search-form-locate-me\">Locate Me<\/a><\/div><\/div><div class=\"hc-block hc-mt2\"><div id=\"locatoraid-search-form-locate2\"><div class=\"hcj2-my-location\" id=\"locatoraid-search-form-my-location\" style=\"display: none;\">My Location<\/div><\/div><\/div><\/div><input type=\"hidden\" name=\"hc-locatelat\" id=\"locatoraid-search-form-lat\"\/><input type=\"hidden\" name=\"hc-locatelng\" id=\"locatoraid-search-form-lng\"\/><\/div><\/div><div class=\"hc-col hc-col-4 hc-mb2 hc-px2\"><div><input type=\"submit\" title=\"CHERCHER\" value=\"CHERCHER\" class=\"hc-block\" id=\"locatoraid-search-form-button\"\/><input type=\"button\" title=\"Reset\" value=\"Reset\" class=\"hc-block hcj2-reset-my-location\" id=\"locatoraid-search-form-reset-location\" style=\"display: none;\"\/><\/div><\/div><\/div><\/div><\/div><div class=\"hc-block hc-mt2\"><a class=\"hcj2-more-results\" id=\"locatoraid-search-more-results\" style=\"display: none; cursor: pointer;\">PLUS DE RESULTATS<\/a><\/div><\/div><\/form><\/div><\/div><div id=\"locatoraid-map-list-container\"><div id=\"hclc_grid\"><div class=\"hc-clearfix hc-mxn2\"><div class=\"hc-col hc-col-8 hc-mb2 hc-px2\"><div id=\"hclc_map_318\" class=\"hclc_map_class hc-mb3-xs hc-border\" style=\"height: 400px; width: 100%;\"><\/div><div id=\"hclc_map_318_template\" style=\"display: none;\"><div class=\"hc-black hc-bg-lightsilver hc-p2 hc-rounded\"><div class=\"hc-bold lpr-location-name\">{{=name}}<\/div><div class=\"hc-italic lpr-location-address\">{{=address}}<\/div>{{distance}}<div class=\"hc-bold lpr-location-distance\">{{=distance}}<\/div>{{\/distance}}{{phone}}<div class=\"lpr-location-phone\"><div class=\"hc-inline-block hc-mr1 lpr-location-label\">Phone<\/div>{{=phone}}<\/div>{{\/phone}}{{website}}<div class=\"lpr-location-website\">{{=website}}<\/div>{{\/website}}{{directions}}<div class=\"lpr-location-directions\">{{=directions}}<\/div>{{\/directions}}<\/div><\/div><\/div><div class=\"hc-col hc-col-4 hc-mb2 hc-px2\"><div id=\"hclc_list_409\" class=\"hclc_list_class hc-mb3-xs hc-relative\" style=\"height: 400px; overflow-y: scroll; display: none;\" data-group-jump=\"0\" data-list-style=\"height: 400px; overflow-y: scroll;\"><\/div><div id=\"hclc_list_409_template\" style=\"display: none;\">{{priority}}<!-- highlight featured listing --><div class=\"hc-p2 hc-border hc-rounded hc-mb1 hc-border-green lpr-location lpr-location-featured\">{{:priority}}<!-- regular listing --><div class=\"hc-p2 hc-border hc-rounded hc-mb1 lpr-location\">{{\/priority}}<div class=\"hc-bold lpr-location-name\">{{=name}}<\/div><div class=\"hc-italic lpr-location-address\">{{=address}}<\/div>{{distance}}<div class=\"hc-bold lpr-location-distance\">{{=distance}}<\/div>{{\/distance}}{{phone}}<div class=\"lpr-location-phone\"><div class=\"hc-inline-block hc-mr1 lpr-location-label\">Phone<\/div>{{=phone}}<\/div>{{\/phone}}{{website}}<div class=\"lpr-location-website\">{{=website}}<\/div>{{\/website}}{{directions}}<div class=\"lpr-location-directions\">{{=directions}}<\/div>{{\/directions}}{{priority}}<\/div>{{:priority}}<\/div>{{\/priority}}<\/div><div style=\"display: none;\" id=\"hclc_list_409_template_no_results\"><div class=\"hc-p2 hc-border hc-rounded\">PAS DE RESULTATS<\/div><\/div><\/div><\/div><\/div><\/div>[\/et_pb_code][\/et_pb_column][\/et_pb_row][\/et_pb_section]<\/p>\n","protected":false},"excerpt":{"rendered":"<p>POINTS DE VENTE Int\u00e9ress\u00e9 par nos produits ? Contactez-nous pour connaitre l&rsquo;adresse des diff\u00e9rents points de vente.<div id=\"locatoraid-form-container\"><div class=\"hc-mb3\"><form class=\"hcj2-observe hc-mb2 hclc_search_form_class\" id=\"hclc_search_form_943\" action=\"https:\/\/xn--gsh-snac.be\/index.php?hcs=locatoraid&hcrand=8507&hca=search%3Asearch%2F_SEARCH_%2Fproduct%2F_PRODUCT_%2Flat%2F_LAT_%2Flng%2F_LNG_%2Flimit%2F100\" data-radius-link=\"https:\/\/xn--gsh-snac.be\/index.php?hcs=locatoraid&hcrand=8507&hca=search%2Fradius%3Asearch%2F_SEARCH_%2Fproduct%2F_PRODUCT_%2Flat%2F_LAT_%2Flng%2F_LNG_%2Flimit%2F100%2Fradius%2F10_25_50_100_200_500\" data-start=\"\" data-locate=\"1\" method=\"post\" accept-charset=\"utf-8\"><div style=\"display:none\"><input type=\"hidden\" name=\"hc-hc_csrf_token\" value=\"6adf28ca24f992bf81d2e038cf834afe\"\/><\/div><div><div class=\"hc-block\"><div id=\"locatoraid-search-form-inputs-button\"><div class=\"hc-clearfix hc-mxn2\"><div class=\"hc-col hc-col-8 hc-mb2 hc-px2\"><div id=\"locatoraid-search-form-inputs\"><div><div class=\"hc-block\"><div id=\"locatoraid-search-form-search\"><input type=\"text\" name=\"hc-search\" class=\"hc-field hc-xs-block hc-block\" style=\"margin:0;\" placeholder=\"VILLE\"\/><\/div><\/div><div class=\"hc-block hc-mt2\"><div id=\"locatoraid-search-form-locate\"><a href=\"#\" class=\"hcj2-locate-me\" id=\"locatoraid-search-form-locate-me\">Locate Me<\/a><\/div><\/div><div class=\"hc-block hc-mt2\"><div id=\"locatoraid-search-form-locate2\"><div class=\"hcj2-my-location\" id=\"locatoraid-search-form-my-location\" style=\"display: none;\">My Location<\/div><\/div><\/div><\/div><input type=\"hidden\" name=\"hc-locatelat\" id=\"locatoraid-search-form-lat\"\/><input type=\"hidden\" name=\"hc-locatelng\" id=\"locatoraid-search-form-lng\"\/><\/div><\/div><div class=\"hc-col hc-col-4 hc-mb2 hc-px2\"><div><input type=\"submit\" title=\"CHERCHER\" value=\"CHERCHER\" class=\"hc-block\" id=\"locatoraid-search-form-button\"\/><input type=\"button\" title=\"Reset\" value=\"Reset\" class=\"hc-block hcj2-reset-my-location\" id=\"locatoraid-search-form-reset-location\" style=\"display: none;\"\/><\/div><\/div><\/div><\/div><\/div><div class=\"hc-block hc-mt2\"><a class=\"hcj2-more-results\" id=\"locatoraid-search-more-results\" style=\"display: none; cursor: pointer;\">PLUS DE RESULTATS<\/a><\/div><\/div><\/form><\/div><\/div><div id=\"locatoraid-map-list-container\"><div id=\"hclc_grid\"><div class=\"hc-clearfix hc-mxn2\"><div class=\"hc-col hc-col-8 hc-mb2 hc-px2\"><div id=\"hclc_map_420\" class=\"hclc_map_class hc-mb3-xs hc-border\" style=\"height: 400px; width: 100%;\"><\/div><div id=\"hclc_map_420_template\" style=\"display: none;\"><div class=\"hc-black hc-bg-lightsilver hc-p2 hc-rounded\"><div class=\"hc-bold lpr-location-name\">{{=name}}<\/div><div class=\"hc-italic lpr-location-address\">{{=address}}<\/div>{{distance}}<div class=\"hc-bold lpr-location-distance\">{{=distance}}<\/div>{{\/distance}}{{phone}}<div class=\"lpr-location-phone\"><div class=\"hc-inline-block hc-mr1 lpr-location-label\">Phone<\/div>{{=phone}}<\/div>{{\/phone}}{{website}}<div class=\"lpr-location-website\">{{=website}}<\/div>{{\/website}}{{directions}}<div class=\"lpr-location-directions\">{{=directions}}<\/div>{{\/directions}}<\/div><\/div><\/div><div class=\"hc-col hc-col-4 hc-mb2 hc-px2\"><div id=\"hclc_list_729\" class=\"hclc_list_class hc-mb3-xs hc-relative\" style=\"height: 400px; overflow-y: scroll; display: none;\" data-group-jump=\"0\" data-list-style=\"height: 400px; overflow-y: scroll;\"><\/div><div id=\"hclc_list_729_template\" style=\"display: none;\">{{priority}}<!-- highlight featured listing --><div class=\"hc-p2 hc-border hc-rounded hc-mb1 hc-border-green lpr-location lpr-location-featured\">{{:priority}}<!-- regular listing --><div class=\"hc-p2 hc-border hc-rounded hc-mb1 lpr-location\">{{\/priority}}<div class=\"hc-bold lpr-location-name\">{{=name}}<\/div><div class=\"hc-italic lpr-location-address\">{{=address}}<\/div>{{distance}}<div class=\"hc-bold lpr-location-distance\">{{=distance}}<\/div>{{\/distance}}{{phone}}<div class=\"lpr-location-phone\"><div class=\"hc-inline-block hc-mr1 lpr-location-label\">Phone<\/div>{{=phone}}<\/div>{{\/phone}}{{website}}<div class=\"lpr-location-website\">{{=website}}<\/div>{{\/website}}{{directions}}<div class=\"lpr-location-directions\">{{=directions}}<\/div>{{\/directions}}{{priority}}<\/div>{{:priority}}<\/div>{{\/priority}}<\/div><div style=\"display: none;\" id=\"hclc_list_729_template_no_results\"><div class=\"hc-p2 hc-border hc-rounded\">PAS DE RESULTATS<\/div><\/div><\/div><\/div><\/div><\/div><\/p>\n","protected":false},"author":1,"featured_media":0,"parent":0,"menu_order":0,"comment_status":"closed","ping_status":"closed","template":"","meta":{"_et_pb_use_builder":"on","_et_pb_old_content":"","_et_gb_content_width":""},"_links":{"self":[{"href":"https:\/\/xn--gsh-snac.be\/index.php\/wp-json\/wp\/v2\/pages\/47"}],"collection":[{"href":"https:\/\/xn--gsh-snac.be\/index.php\/wp-json\/wp\/v2\/pages"}],"about":[{"href":"https:\/\/xn--gsh-snac.be\/index.php\/wp-json\/wp\/v2\/types\/page"}],"author":[{"embeddable":true,"href":"https:\/\/xn--gsh-snac.be\/index.php\/wp-json\/wp\/v2\/users\/1"}],"replies":[{"embeddable":true,"href":"https:\/\/xn--gsh-snac.be\/index.php\/wp-json\/wp\/v2\/comments?post=47"}],"version-history":[{"count":12,"href":"https:\/\/xn--gsh-snac.be\/index.php\/wp-json\/wp\/v2\/pages\/47\/revisions"}],"predecessor-version":[{"id":1067,"href":"https:\/\/xn--gsh-snac.be\/index.php\/wp-json\/wp\/v2\/pages\/47\/revisions\/1067"}],"wp:attachment":[{"href":"https:\/\/xn--gsh-snac.be\/index.php\/wp-json\/wp\/v2\/media?parent=47"}],"curies":[{"name":"wp","href":"https:\/\/api.w.org\/{rel}","templated":true}]}}